{"id":9653,"date":"2026-03-30T09:43:30","date_gmt":"2026-03-30T01:43:30","guid":{"rendered":"https:\/\/www.simis.cn\/?page_id=9653"},"modified":"2026-03-30T09:43:30","modified_gmt":"2026-03-30T01:43:30","slug":"nadir-matringe","status":"publish","type":"page","link":"https:\/\/www.simis.cn\/zh\/nadir-matringe\/","title":{"rendered":"Nadir Matringe"},"content":{"rendered":"<div id=\"wp-block-themeisle-blocks-advanced-columns-66544eb7\" class=\"wp-block-themeisle-blocks-advanced-columns has-2-columns has-desktop-oneTwo-layout has-tablet-equal-layout has-mobile-collapsedRows-layout has-vertical-unset\"><div class=\"wp-block-themeisle-blocks-advanced-columns-overlay\"><\/div><div class=\"innerblocks-wrap\">\n<div id=\"wp-block-themeisle-blocks-advanced-column-8a19ba4b\" class=\"wp-block-themeisle-blocks-advanced-column\">\n<figure class=\"wp-block-image size-full is-resized\"><img loading=\"lazy\" decoding=\"async\" width=\"609\" height=\"687\" src=\"https:\/\/www.simis.cn\/wp-content\/uploads\/2026\/03\/Nadir-Matringe.png\" alt=\"\" class=\"wp-image-9655\" style=\"width:140px;height:auto\" srcset=\"https:\/\/www.simis.cn\/wp-content\/uploads\/2026\/03\/Nadir-Matringe.png 609w, https:\/\/www.simis.cn\/wp-content\/uploads\/2026\/03\/Nadir-Matringe-266x300.png 266w, https:\/\/www.simis.cn\/wp-content\/uploads\/2026\/03\/Nadir-Matringe-11x12.png 11w\" sizes=\"(max-width: 609px) 100vw, 609px\" \/><\/figure>\n<\/div>\n\n\n\n<div id=\"wp-block-themeisle-blocks-advanced-column-a01b7511\" class=\"wp-block-themeisle-blocks-advanced-column\">\n<h5 class=\"wp-block-heading\">\u6559\u6388<\/h5>\n\n\n\n<p>Email: nadirmatringe _at_ simis.cn<br>Research Fields: Representation theory of p-adic groups and automorphic forms<\/p>\n<\/div>\n<\/div><\/div>\n\n\n\n<h2 class=\"wp-block-heading\">\u4e2a\u4eba\u7b80\u4ecb<\/h2>\n\n\n\n<p>I joined the simis in 2026. Before I was a Postdoc in University of East-Anglia, then\u00a0 assistant\/associate Professor in Universit\u00e9 de Poitiers, and then Professor at Universit\u00e9 Paris-Cit\u00e9. I held a visting positions at NYU Shanghai as well. I obtained my PhD under the supervision of Paul G\u00e9rardin from Universit\u00e9 Paris-Diderot in 2008.<\/p>\n\n\n\n<h2 class=\"wp-block-heading\">\u6559\u80b2\u7ecf\u5386<\/h2>\n\n\n\n<ul>\n<li>2004.9-2008.12 Universit\u00e9 Paris-Diderot Doctor<\/li>\n<\/ul>\n\n\n\n<h2 class=\"wp-block-heading\">\u5de5\u4f5c\u7ecf\u5386<\/h2>\n\n\n\n<ul>\n<li>2009.9-2010.8 University of East-Anglia Research Associate<\/li>\n\n\n\n<li>2010.9-2021.12 Universit\u00e9 de Poitiers Assistant\/Associate Professor<\/li>\n\n\n\n<li>2021.9-2021.12 NYU Shanghai Visiting Associate Professor<\/li>\n\n\n\n<li>2021.12-2026.1 Universit\u00e9 Paris-Cit\u00e9 Professor<\/li>\n\n\n\n<li>2023.8-2026.10 NYU Shanghai Visiting Professor<\/li>\n<\/ul>\n\n\n\n<h2 class=\"wp-block-heading\">\u8363\u8a89\u548c\u83b7\u5956<\/h2>\n\n\n\n<h2 class=\"wp-block-heading\">\u8bba\u8457<\/h2>\n\n\n\n<p>Selected amongst more than 40:<\/p>\n\n\n\n<p><em>Local converse theorems and Langlands parameters<\/em>.<br><em>Trans. Amer. Math. Soc.<\/em> DOI: https:\/\/doi.org\/10.1090\/tran\/9674<\/p>\n\n\n\n<p><em>Distinction inside L-packets of SL(n)<\/em>, with U.K. Anandavardhanan. <em>Algebra Number Theory<\/em> 17 (2023), 45\u201382.<\/p>\n\n\n\n<p><em>Intertwining periods and distinction for p-adic Galois symmetric pairs<\/em>, with O. Offen. <em>Proc. Lond. Math. Soc.<\/em> 125 (2022), 1179\u20131252.<\/p>\n\n\n\n<p><em>Galois self-dual cuspidal types and Asai local factors<\/em>, with U.K. Anandavardhanan, R. Kurinczuk, V. S\u00e9cherre et S. Stevens.<br><em>J. Eur. Math. Soc.<\/em> 23 (2021), 3129\u20133191.<\/p>\n\n\n\n<p><em>The \u2113-modular local Langlands correspondence and local factors<\/em>, with R. Kurinczuk. <em>J. Inst. Math. Jussieu<\/em> 20 (2021), 1585\u20131635.<\/p>\n\n\n\n<p><em>Test vectors for finite periods and base change<\/em>, with U.K. Anandavardhanan. <em>Adv. Math.<\/em> 360 (2020), 106915.<\/p>\n\n\n\n<p><em>Rankin\u2013Selberg local factors modulo \u2113<\/em>, with R. Kurinczuk.<br><em>Selecta Math.<\/em> 23 (2017), 767\u2013811.&nbsp;<\/p>\n\n\n\n<p><em>On the local Bump\u2013Friedberg L-function<\/em>.<br><em>J. Reine Angew. Math.<\/em> 709 (2015), 119\u2013170.<\/p>","protected":false},"excerpt":{"rendered":"<p>Bio I joined the simis in 2026. Before I was a Postdoc in University of East-Anglia, then\u00a0 assistant\/associate Professor in Universit\u00e9 de Poitiers, and then Professor at Universit\u00e9 Paris-Cit\u00e9. I held a visting positions at NYU Shanghai as well. I obtained my PhD under the supervision of Paul G\u00e9rardin from Universit\u00e9 Paris-Diderot in 2008. Education &hellip;<\/p>\n<p class=\"read-more\"> <a class=\"\" href=\"https:\/\/www.simis.cn\/zh\/nadir-matringe\/\"> <span class=\"screen-reader-text\">Nadir Matringe<\/span> \u67e5\u770b\u5168\u6587 &raquo;<\/a><\/p>","protected":false},"author":5,"featured_media":0,"parent":0,"menu_order":0,"comment_status":"closed","ping_status":"closed","template":"","meta":{"om_disable_all_campaigns":false,"_monsterinsights_skip_tracking":false,"_monsterinsights_sitenote_active":false,"_monsterinsights_sitenote_note":"","_monsterinsights_sitenote_category":0,"site-sidebar-layout":"default","site-content-layout":"","ast-site-content-layout":"","site-content-style":"default","site-sidebar-style":"default","ast-global-header-display":"","ast-banner-title-visibility":"","ast-main-header-display":"","ast-hfb-above-header-display":"","ast-hfb-below-header-display":"","ast-hfb-mobile-header-display":"","site-post-title":"","ast-breadcrumbs-content":"","ast-featured-img":"","footer-sml-layout":"","theme-transparent-header-meta":"","adv-header-id-meta":"","stick-header-meta":"","header-above-stick-meta":"","header-main-stick-meta":"","header-below-stick-meta":"","astra-migrate-meta-layouts":"","ast-page-background-enabled":"default","ast-page-background-meta":{"desktop":{"background-color":"var(--ast-global-color-4)","background-image":"","background-repeat":"repeat","background-position":"center center","background-size":"auto","background-attachment":"scroll","background-type":"","background-media":"","overlay-type":"","overlay-color":"","overlay-gradient":""},"tablet":{"background-color":"","background-image":"","background-repeat":"repeat","background-position":"center center","background-size":"auto","background-attachment":"scroll","background-type":"","background-media":"","overlay-type":"","overlay-color":"","overlay-gradient":""},"mobile":{"background-color":"","background-image":"","background-repeat":"repeat","background-position":"center center","background-size":"auto","background-attachment":"scroll","background-type":"","background-media":"","overlay-type":"","overlay-color":"","overlay-gradient":""}},"ast-content-background-meta":{"desktop":{"background-color":"var(--ast-global-color-5)","background-image":"","background-repeat":"repeat","background-position":"center center","background-size":"auto","background-attachment":"scroll","background-type":"","background-media":"","overlay-type":"","overlay-color":"","overlay-gradient":""},"tablet":{"background-color":"var(--ast-global-color-5)","background-image":"","background-repeat":"repeat","background-position":"center center","background-size":"auto","background-attachment":"scroll","background-type":"","background-media":"","overlay-type":"","overlay-color":"","overlay-gradient":""},"mobile":{"background-color":"var(--ast-global-color-5)","background-image":"","background-repeat":"repeat","background-position":"center center","background-size":"auto","background-attachment":"scroll","background-type":"","background-media":"","overlay-type":"","overlay-color":"","overlay-gradient":""}},"_themeisle_gutenberg_block_has_review":false,"_ti_tpc_template_sync":false,"_ti_tpc_template_id":"","footnotes":""},"_links":{"self":[{"href":"https:\/\/www.simis.cn\/zh\/wp-json\/wp\/v2\/pages\/9653"}],"collection":[{"href":"https:\/\/www.simis.cn\/zh\/wp-json\/wp\/v2\/pages"}],"about":[{"href":"https:\/\/www.simis.cn\/zh\/wp-json\/wp\/v2\/types\/page"}],"author":[{"embeddable":true,"href":"https:\/\/www.simis.cn\/zh\/wp-json\/wp\/v2\/users\/5"}],"replies":[{"embeddable":true,"href":"https:\/\/www.simis.cn\/zh\/wp-json\/wp\/v2\/comments?post=9653"}],"version-history":[{"count":1,"href":"https:\/\/www.simis.cn\/zh\/wp-json\/wp\/v2\/pages\/9653\/revisions"}],"predecessor-version":[{"id":9656,"href":"https:\/\/www.simis.cn\/zh\/wp-json\/wp\/v2\/pages\/9653\/revisions\/9656"}],"wp:attachment":[{"href":"https:\/\/www.simis.cn\/zh\/wp-json\/wp\/v2\/media?parent=9653"}],"curies":[{"name":"wp","href":"https:\/\/api.w.org\/{rel}","templated":true}]}}